{"id":2,"date":"2021-11-19T01:36:33","date_gmt":"2021-11-19T01:36:33","guid":{"rendered":"https:\/\/burbujainfo.com\/blog\/?page_id=2"},"modified":"2023-12-09T09:36:39","modified_gmt":"2023-12-09T09:36:39","slug":"privacidad","status":"publish","type":"page","link":"https:\/\/burbujainfo.com\/blog\/privacidad\/","title":{"rendered":"Pol\u00edtica de privacidad"},"content":{"rendered":"\r\n<p><strong>POL\u00cdTICA DE PRIVACIDAD<\/strong><br \/>Esta pol\u00edtica de privacidad ha sido redactada al amparo de lo dispuesto en el REGLAMENTO (UE) 2016\/679 DEL PARLAMENTO EUROPEO Y DEL CONSEJO de 27 de abril de 2016 relativo a la protecci\u00f3n de las personas f\u00edsicas en lo que respecta al tratamiento de datos personales y a la libre circulaci\u00f3n de estos datos (RGPD), en la Ley Org\u00e1nica 15\/1999, de 13 de diciembre, de Protecci\u00f3n de Datos de Car\u00e1cter Personal (LOPD) y en su reglamento de desarrollo.<\/p>\r\n<p><strong>Identificaci\u00f3n del titular de la web<\/strong><br \/>El titular de esta web es Netknow S.L. con NIF B83969907, con domicilio a estos efectos en Calle Sese\u00f1a 30, 28024 Madrid, y con direcci\u00f3n de correo electr\u00f3nico clopez@gmail.com<\/p>\r\n<p><strong>\u00bfQui\u00e9n es el responsable de los datos personales que recabamos en esta web?<\/strong><br \/>El responsable del tratamiento es Netknow S.L. con NIF B83969907, con domicilio a estos efectos en Calle Sese\u00f1a 30, 28024 Madrid, y con direcci\u00f3n de correo electr\u00f3nico clopez@gmail.com<\/p>\r\n<p><strong>\u00bfQu\u00e9 datos vamos a obtener de ti?<\/strong><br \/>En nuestra web los \u00fanicos datos personales que podremos recabar de ti son los que nos facilites en el momento de registrarte: correo electr\u00f3nico y en su caso la fecha de nacimiento si voluntariamente decides indicarlo en tu perfil de usuario.<\/p>\r\n<p><strong>\u00bfCu\u00e1l es la finalidad de este tratamiento de datos?<\/strong><br \/>Trataremos tus datos personales para las siguientes finalidades:<\/p>\r\n<ul>\r\n<li>Mantener tu usuario activo en nuestros foros. Cuando te registres, enviaremos un email de confirmaci\u00f3n a la direcci\u00f3n que nos hayas indicado; si no verificas la direcci\u00f3n podr\u00e1s iniciar pero tu cuenta tendr\u00e1 ciertas limitaciones.<\/li>\r\n<li>Tambi\u00e9n utilizaremos tu direcci\u00f3n de correo electr\u00f3nico para enviarte notificaciones y avisos de eventos que te conciernan en el foro, siempre y cuando actives estas notificaciones y alertas en tu panel de configuraci\u00f3n de usuario. Estas notificaciones no tienen en ning\u00fan caso contenido publicitario; por ejemplo, se te podr\u00eda enviar un email si recibes un nuevo mensaje privado de un usuario.<\/li>\r\n<\/ul>\r\n<p><strong>\u00bfCu\u00e1l es la base jur\u00eddica de estos tratamientos de datos?<\/strong><br \/>La base jur\u00eddica es el inter\u00e9s leg\u00edtimo en abrir tu cuenta de usuario en nuestros foros al registrarte as\u00ed como enviarte las notificaciones del foro si las activas.<\/p>\r\n<p><strong>\u00bfDurante cu\u00e1nto tiempo se van a conservar los datos?<\/strong><br \/>Conservaremos tus datos personales mientras hagas uso de nuestros foros y hasta que solicites la baja.<br \/>En cualquier momento podr\u00e1s escribirnos para solicitar la supresi\u00f3n de tus datos o la baja de tu usuario; en ese caso, tus datos personales quedar\u00e1n bloqueados durante 3 a\u00f1os, a disposici\u00f3n exclusiva de Jueces y Tribunales, el Ministerio Fiscal, la Agencia Espa\u00f1ola de Protecci\u00f3n de Datos y dem\u00e1s autoridades y Administraciones P\u00fablicas competentes, para resolver cualquier cuesti\u00f3n o responsabilidad relacionada con el tratamiento de tus datos o con el ejercicio de acciones legales, reclamaciones o consultas posteriores, durante el plazo de prescripci\u00f3n de las mismas.<\/p>\r\n<p><strong>Destinatario o categor\u00edas de destinatarios de los datos<\/strong><br \/>Tus datos personales no ser\u00e1n facilitados ni cedidos a ninguna entidad ajena a este portal. Utilizamos los servicios de tres compa\u00f1\u00edas para alojar las bases de datos de este foro: The Planet Internet Services, Inc., SoftLayer Technologies, Inc. y Layered Technologies, Inc.<\/p>\r\n<p><strong>Transferencias internacionales de datos<\/strong><br \/>No realizamos transferencias internacionales de datos de ning\u00fan tipo ni categor\u00eda.<\/p>\r\n<p><strong>\u00bfQu\u00e9 derechos asisten al usuario?<\/strong><br \/>El RGPD te otorga los siguientes derechos, que podr\u00e1s ejercerlos enviando un correo electr\u00f3nico a <a class=\"__cf_email__\" href=\"https:\/\/www.burbuja.info\/cdn-cgi\/l\/email-protection\" data-cfemail=\"e487888b94819ea48389858d88ca878b89\">[email\u00a0protected]<\/a>; ser\u00e1 necesario que el correo electr\u00f3nico nos lo env\u00edes desde la misma direcci\u00f3n que utilizaste para registrarte.<\/p>\r\n<p><strong>Derecho de acceso<\/strong><br \/>Tienes derecho a obtener confirmaci\u00f3n de si se est\u00e1n tratando o no datos personales que te conciernen y, en tal caso, derecho de acceso a los datos personales y a la informaci\u00f3n relacionada con su tratamiento. Tienes derecho a obtener una copia de los datos personales objeto de tratamiento.<\/p>\r\n<p><strong>Derecho de rectificaci\u00f3n<\/strong><br \/>Tienes derecho a obtener sin dilaci\u00f3n indebida la rectificaci\u00f3n de los datos personales inexactos que te conciernen. Teniendo en cuenta los fines del tratamiento, tendr\u00e1s derecho a que se completen los datos personales que sean incompletos.<\/p>\r\n<p><strong>Derecho de supresi\u00f3n<\/strong><br \/>Tienes derecho a obtener sin dilaci\u00f3n indebida la supresi\u00f3n de los datos personales que te conciernen. Estamos obligados a suprimir sin dilaci\u00f3n indebida los datos personales cuando concurra alguna de las circunstancias siguientes:<\/p>\r\n<ol>\r\n<li>los datos personales ya no sean necesarios en relaci\u00f3n con los fines para los que fueron recogidos o tratados de otro modo;<\/li>\r\n<li>el interesado retire el consentimiento prestado para fines espec\u00edficos o el consentimiento expreso prestado para el tratamiento de categor\u00edas especiales de datos, como los que revelen sus opiniones pol\u00edticas, mientras este tratamiento no se base en otro fundamento jur\u00eddico;<\/li>\r\n<li>el interesado se oponga al tratamiento por motivos relacionados con su situaci\u00f3n particular y no prevalezcan otros motivos leg\u00edtimos para el tratamiento;<\/li>\r\n<li>los datos personales hayan sido tratados il\u00edcitamente;<\/li>\r\n<li>los datos personales deban suprimirse para el cumplimiento de una obligaci\u00f3n legal establecida en el Derecho de la Uni\u00f3n o de los Estados miembros que se aplique al responsable del tratamiento.<\/li>\r\n<\/ol>\r\n<p>No ser\u00e1 aplicable la obligaci\u00f3n de supresi\u00f3n de los datos personales cuando el tratamiento sea necesario para:<\/p>\r\n<ol>\r\n<li>ejercer el derecho a la libertad de expresi\u00f3n e informaci\u00f3n;<\/li>\r\n<li>el cumplimiento de una obligaci\u00f3n legal que requiera el tratamiento de datos impuesta por el Derecho de la Uni\u00f3n o de los Estados miembros que se aplique al responsable del tratamiento;<\/li>\r\n<li>el cumplimiento de una misi\u00f3n realizada en inter\u00e9s p\u00fablico o en el ejercicio de poderes p\u00fablicos conferidos al responsable;<\/li>\r\n<li>con fines de archivo en inter\u00e9s p\u00fablico, fines de investigaci\u00f3n cient\u00edfica o hist\u00f3rica o fines estad\u00edsticos, en la medida en que el derecho a la supresi\u00f3n pudiera hacer imposible u obstaculizar gravemente el logro de los objetivos de dicho tratamiento;<\/li>\r\n<li>para la formulaci\u00f3n, el ejercicio o la defensa de reclamaciones.<\/li>\r\n<\/ol>\r\n<p><strong>Limitaci\u00f3n del tratamiento<\/strong><br \/>Tienes derecho a obtener la limitaci\u00f3n del tratamiento de los datos cuando se cumpla alguna de las condiciones siguientes:<\/p>\r\n<ol>\r\n<li>Impugnes la exactitud de los datos personales, durante un plazo que nos permita verificar la exactitud de los mismos;<\/li>\r\n<li>El tratamiento sea il\u00edcito y te opongas a la supresi\u00f3n de los datos personales y solicites en su lugar la limitaci\u00f3n de su uso;<\/li>\r\n<li>No necesitemos los datos personales para los fines del tratamiento, pero los necesites para la formulaci\u00f3n, el ejercicio o la defensa de reclamaciones;<\/li>\r\n<li>Te hayas opuesto al tratamiento por motivos relacionados con tu situaci\u00f3n particular, mientras se verifica si los motivos leg\u00edtimos como responsable del tratamiento prevalecen sobre los del interesado.<\/li>\r\n<\/ol>\r\n<p><strong>Portabilidad de los datos<\/strong><br \/>Tienes derecho a recibir los datos personales que te incumban, en un formato estructurado, de uso com\u00fan y lectura mec\u00e1nica.<br \/><strong>Oposici\u00f3n al tratamiento<\/strong><br \/>Tienes derecho a oponerte en cualquier momento, por motivos relacionados con tu situaci\u00f3n particular, a que datos personales que te conciernan sean objeto de un tratamiento basado en lo dispuesto en el art\u00edculo 6, apartado 1, letras e) o f) del RGPD. Dejaremos de tratar los datos personales, salvo que acreditemos motivos leg\u00edtimos imperiosos para el tratamiento que prevalezcan sobre los intereses, los derechos y las libertades del interesado, o para la formulaci\u00f3n, el ejercicio o la defensa de reclamaciones.<br \/><strong>Revocaci\u00f3n del consentimiento<\/strong><br \/>Tienes derecho a retirar en cualquier momento el consentimiento que nos diste para tratar tus datos personales.<br \/><strong>Reclamaci\u00f3n ante las autoridades de protecci\u00f3n de datos<\/strong><br \/>Tienes derechos a reclamar ante las autoridades de control en materia de protecci\u00f3n de datos si consideras que tus datos personales no est\u00e1n siendo tratados de forma correcta.<br \/><strong>Tratamiento de datos de menores de edad<\/strong><br \/>Nuestros servicios deben ser utilizados por mayores de 13 a\u00f1os, por lo que en el caso de que no tengas esta edad deber\u00e1s abstenerte de utilizarlos. En el caso de detectar cuentas de menores de 13 a\u00f1os, podr\u00edan ser deshabilitadas.<\/p>\r\n","protected":false},"excerpt":{"rendered":"<p>POL\u00cdTICA DE PRIVACIDADEsta pol\u00edtica de privacidad ha sido redactada al amparo de lo dispuesto en el REGLAMENTO (UE) 2016\/679 DEL PARLAMENTO EUROPEO Y DEL CONSEJO de 27 de abril de 2016 relativo a la protecci\u00f3n de las personas f\u00edsicas en lo que respecta al tratamiento de datos personales y a la libre circulaci\u00f3n de estos&#8230;<\/p>\n","protected":false},"author":1,"featured_media":0,"parent":0,"menu_order":0,"comment_status":"closed","ping_status":"open","template":"","meta":{"footnotes":""},"class_list":["post-2","page","type-page","status-publish","hentry"],"yoast_head":"<!-- This site is optimized with the Yoast SEO plugin v26.8 - https:\/\/yoast.com\/product\/yoast-seo-wordpress\/ -->\n<title>Pol\u00edtica de privacidad - El blog de burbuja.info<\/title>\n<meta name=\"robots\" content=\"index, follow, max-snippet:-1, max-image-preview:large, max-video-preview:-1\" \/>\n<link rel=\"canonical\" href=\"https:\/\/burbujainfo.com\/blog\/privacidad\/\" \/>\n<meta property=\"og:locale\" content=\"es_ES\" \/>\n<meta property=\"og:type\" content=\"article\" \/>\n<meta property=\"og:title\" content=\"Pol\u00edtica de privacidad - El blog de burbuja.info\" \/>\n<meta property=\"og:description\" content=\"POL\u00cdTICA DE PRIVACIDADEsta pol\u00edtica de privacidad ha sido redactada al amparo de lo dispuesto en el REGLAMENTO (UE) 2016\/679 DEL PARLAMENTO EUROPEO Y DEL CONSEJO de 27 de abril de 2016 relativo a la protecci\u00f3n de las personas f\u00edsicas en lo que respecta al tratamiento de datos personales y a la libre circulaci\u00f3n de estos...\" \/>\n<meta property=\"og:url\" content=\"https:\/\/burbujainfo.com\/blog\/privacidad\/\" \/>\n<meta property=\"og:site_name\" content=\"El blog de burbuja.info\" \/>\n<meta property=\"article:modified_time\" content=\"2023-12-09T09:36:39+00:00\" \/>\n<meta name=\"twitter:card\" content=\"summary_large_image\" \/>\n<meta name=\"twitter:label1\" content=\"Tiempo de lectura\" \/>\n\t<meta name=\"twitter:data1\" content=\"7 minutos\" \/>\n<script type=\"application\/ld+json\" class=\"yoast-schema-graph\">{\"@context\":\"https:\/\/schema.org\",\"@graph\":[{\"@type\":\"WebPage\",\"@id\":\"https:\/\/burbujainfo.com\/blog\/privacidad\/\",\"url\":\"https:\/\/burbujainfo.com\/blog\/privacidad\/\",\"name\":\"Pol\u00edtica de privacidad - El blog de burbuja.info\",\"isPartOf\":{\"@id\":\"https:\/\/burbujainfo.com\/blog\/#website\"},\"datePublished\":\"2021-11-19T01:36:33+00:00\",\"dateModified\":\"2023-12-09T09:36:39+00:00\",\"breadcrumb\":{\"@id\":\"https:\/\/burbujainfo.com\/blog\/privacidad\/#breadcrumb\"},\"inLanguage\":\"es\",\"potentialAction\":[{\"@type\":\"ReadAction\",\"target\":[\"https:\/\/burbujainfo.com\/blog\/privacidad\/\"]}]},{\"@type\":\"BreadcrumbList\",\"@id\":\"https:\/\/burbujainfo.com\/blog\/privacidad\/#breadcrumb\",\"itemListElement\":[{\"@type\":\"ListItem\",\"position\":1,\"name\":\"Portada\",\"item\":\"https:\/\/burbujainfo.com\/blog\/\"},{\"@type\":\"ListItem\",\"position\":2,\"name\":\"Pol\u00edtica de privacidad\"}]},{\"@type\":\"WebSite\",\"@id\":\"https:\/\/burbujainfo.com\/blog\/#website\",\"url\":\"https:\/\/burbujainfo.com\/blog\/\",\"name\":\"El blog de burbuja.info\",\"description\":\"Noticias de econom&iacute;a, pol&iacute;tica y actualidad\",\"publisher\":{\"@id\":\"https:\/\/burbujainfo.com\/blog\/#\/schema\/person\/2b95a12fc8716327a484b6c59cb33fb3\"},\"potentialAction\":[{\"@type\":\"SearchAction\",\"target\":{\"@type\":\"EntryPoint\",\"urlTemplate\":\"https:\/\/burbujainfo.com\/blog\/?s={search_term_string}\"},\"query-input\":{\"@type\":\"PropertyValueSpecification\",\"valueRequired\":true,\"valueName\":\"search_term_string\"}}],\"inLanguage\":\"es\"},{\"@type\":[\"Person\",\"Organization\"],\"@id\":\"https:\/\/burbujainfo.com\/blog\/#\/schema\/person\/2b95a12fc8716327a484b6c59cb33fb3\",\"name\":\"Carlos Lopez\",\"image\":{\"@type\":\"ImageObject\",\"inLanguage\":\"es\",\"@id\":\"https:\/\/burbujainfo.com\/blog\/#\/schema\/person\/image\/\",\"url\":\"https:\/\/secure.gravatar.com\/avatar\/f23c752988949a898d8a750cf1bdef9a?s=96&d=mm&r=g\",\"contentUrl\":\"https:\/\/secure.gravatar.com\/avatar\/f23c752988949a898d8a750cf1bdef9a?s=96&d=mm&r=g\",\"caption\":\"Carlos Lopez\"},\"logo\":{\"@id\":\"https:\/\/burbujainfo.com\/blog\/#\/schema\/person\/image\/\"},\"description\":\"Escribo en https:\/\/www.euribor.com.es y en https:\/\/burbujainfo.com\/blog\/\",\"sameAs\":[\"https:\/\/www.euribor.com.es\"]}]}<\/script>\n<!-- \/ Yoast SEO plugin. -->","yoast_head_json":{"title":"Pol\u00edtica de privacidad - El blog de burbuja.info","robots":{"index":"index","follow":"follow","max-snippet":"max-snippet:-1","max-image-preview":"max-image-preview:large","max-video-preview":"max-video-preview:-1"},"canonical":"https:\/\/burbujainfo.com\/blog\/privacidad\/","og_locale":"es_ES","og_type":"article","og_title":"Pol\u00edtica de privacidad - El blog de burbuja.info","og_description":"POL\u00cdTICA DE PRIVACIDADEsta pol\u00edtica de privacidad ha sido redactada al amparo de lo dispuesto en el REGLAMENTO (UE) 2016\/679 DEL PARLAMENTO EUROPEO Y DEL CONSEJO de 27 de abril de 2016 relativo a la protecci\u00f3n de las personas f\u00edsicas en lo que respecta al tratamiento de datos personales y a la libre circulaci\u00f3n de estos...","og_url":"https:\/\/burbujainfo.com\/blog\/privacidad\/","og_site_name":"El blog de burbuja.info","article_modified_time":"2023-12-09T09:36:39+00:00","twitter_card":"summary_large_image","twitter_misc":{"Tiempo de lectura":"7 minutos"},"schema":{"@context":"https:\/\/schema.org","@graph":[{"@type":"WebPage","@id":"https:\/\/burbujainfo.com\/blog\/privacidad\/","url":"https:\/\/burbujainfo.com\/blog\/privacidad\/","name":"Pol\u00edtica de privacidad - El blog de burbuja.info","isPartOf":{"@id":"https:\/\/burbujainfo.com\/blog\/#website"},"datePublished":"2021-11-19T01:36:33+00:00","dateModified":"2023-12-09T09:36:39+00:00","breadcrumb":{"@id":"https:\/\/burbujainfo.com\/blog\/privacidad\/#breadcrumb"},"inLanguage":"es","potentialAction":[{"@type":"ReadAction","target":["https:\/\/burbujainfo.com\/blog\/privacidad\/"]}]},{"@type":"BreadcrumbList","@id":"https:\/\/burbujainfo.com\/blog\/privacidad\/#breadcrumb","itemListElement":[{"@type":"ListItem","position":1,"name":"Portada","item":"https:\/\/burbujainfo.com\/blog\/"},{"@type":"ListItem","position":2,"name":"Pol\u00edtica de privacidad"}]},{"@type":"WebSite","@id":"https:\/\/burbujainfo.com\/blog\/#website","url":"https:\/\/burbujainfo.com\/blog\/","name":"El blog de burbuja.info","description":"Noticias de econom&iacute;a, pol&iacute;tica y actualidad","publisher":{"@id":"https:\/\/burbujainfo.com\/blog\/#\/schema\/person\/2b95a12fc8716327a484b6c59cb33fb3"},"potentialAction":[{"@type":"SearchAction","target":{"@type":"EntryPoint","urlTemplate":"https:\/\/burbujainfo.com\/blog\/?s={search_term_string}"},"query-input":{"@type":"PropertyValueSpecification","valueRequired":true,"valueName":"search_term_string"}}],"inLanguage":"es"},{"@type":["Person","Organization"],"@id":"https:\/\/burbujainfo.com\/blog\/#\/schema\/person\/2b95a12fc8716327a484b6c59cb33fb3","name":"Carlos Lopez","image":{"@type":"ImageObject","inLanguage":"es","@id":"https:\/\/burbujainfo.com\/blog\/#\/schema\/person\/image\/","url":"https:\/\/secure.gravatar.com\/avatar\/f23c752988949a898d8a750cf1bdef9a?s=96&d=mm&r=g","contentUrl":"https:\/\/secure.gravatar.com\/avatar\/f23c752988949a898d8a750cf1bdef9a?s=96&d=mm&r=g","caption":"Carlos Lopez"},"logo":{"@id":"https:\/\/burbujainfo.com\/blog\/#\/schema\/person\/image\/"},"description":"Escribo en https:\/\/www.euribor.com.es y en https:\/\/burbujainfo.com\/blog\/","sameAs":["https:\/\/www.euribor.com.es"]}]}},"_links":{"self":[{"href":"https:\/\/burbujainfo.com\/blog\/wp-json\/wp\/v2\/pages\/2","targetHints":{"allow":["GET"]}}],"collection":[{"href":"https:\/\/burbujainfo.com\/blog\/wp-json\/wp\/v2\/pages"}],"about":[{"href":"https:\/\/burbujainfo.com\/blog\/wp-json\/wp\/v2\/types\/page"}],"author":[{"embeddable":true,"href":"https:\/\/burbujainfo.com\/blog\/wp-json\/wp\/v2\/users\/1"}],"replies":[{"embeddable":true,"href":"https:\/\/burbujainfo.com\/blog\/wp-json\/wp\/v2\/comments?post=2"}],"version-history":[{"count":2,"href":"https:\/\/burbujainfo.com\/blog\/wp-json\/wp\/v2\/pages\/2\/revisions"}],"predecessor-version":[{"id":125,"href":"https:\/\/burbujainfo.com\/blog\/wp-json\/wp\/v2\/pages\/2\/revisions\/125"}],"wp:attachment":[{"href":"https:\/\/burbujainfo.com\/blog\/wp-json\/wp\/v2\/media?parent=2"}],"curies":[{"name":"wp","href":"https:\/\/api.w.org\/{rel}","templated":true}]}}